{"id":3623,"date":"2025-09-19T16:58:03","date_gmt":"2025-09-19T23:58:03","guid":{"rendered":"https:\/\/www.traleevillageapts.com\/?page_id=3623"},"modified":"2026-04-18T10:29:06","modified_gmt":"2026-04-18T17:29:06","slug":"divulgacion-de-precios","status":"publish","type":"page","link":"https:\/\/www.traleevillageapts.com\/es\/pricing-disclosure\/","title":{"rendered":"Divulgaci\u00f3n de precios"},"content":{"rendered":"<div data-elementor-type=\"wp-page\" data-elementor-id=\"3623\" class=\"elementor elementor-3623\" data-elementor-post-type=\"page\">\n\t\t\t\t<div class=\"elementor-element elementor-element-d51a377 e-flex e-con-boxed e-con e-parent\" data-id=\"d51a377\" data-element_type=\"container\" data-e-type=\"container\" data-settings=\"{&quot;jet_parallax_layout_list&quot;:[],&quot;background_background&quot;:&quot;classic&quot;}\">\n\t\t\t\t\t<div class=\"e-con-inner\">\n\t\t<div class=\"elementor-element elementor-element-d346a2a e-con-full e-flex e-con e-child\" data-id=\"d346a2a\" data-element_type=\"container\" data-e-type=\"container\" data-settings=\"{&quot;jet_parallax_layout_list&quot;:[]}\">\n\t\t\t\t<div class=\"elementor-element elementor-element-cb94f16 elementor-widget elementor-widget-heading\" data-id=\"cb94f16\" data-element_type=\"widget\" data-e-type=\"widget\" data-widget_type=\"heading.default\">\n\t\t\t\t<div class=\"elementor-widget-container\">\n\t\t\t\t\t<h2 class=\"elementor-heading-title elementor-size-default\">Conozca sus costos, mu\u00e9vase con confianza<\/h2>\t\t\t\t<\/div>\n\t\t\t\t<\/div>\n\t\t\t\t<div class=\"elementor-element elementor-element-2ab0b51 elementor-widget elementor-widget-jet-table\" data-id=\"2ab0b51\" data-element_type=\"widget\" data-e-type=\"widget\" data-widget_type=\"jet-table.default\">\n\t\t\t\t<div class=\"elementor-widget-container\">\n\t\t\t\t\t<div class=\"elementor-jet-table jet-elements\">\n\t\t<div class=\"jet-table-wrapper jet-table-responsive-mobile\">\n\t\t\t<table class=\"jet-table jet-table--fa5-compat\">\n\t\t\t\t<thead class=\"jet-table__head\"><tr class=\"jet-table__head-row\"><th class=\"jet-table__cell elementor-repeater-item-9fe8e97 jet-table__head-cell\" scope=\"col\"><div class=\"jet-table__cell-inner\"><div class=\"jet-table__cell-content\"><div class=\"jet-table__cell-text\">TARIFAS \u00daNICAS<\/div><\/div><\/div><\/th><th class=\"jet-table__cell elementor-repeater-item-ed3ca3f jet-table__head-cell\" scope=\"col\"><div class=\"jet-table__cell-inner\"><div class=\"jet-table__cell-content\"><div class=\"jet-table__cell-text\">PRECIO<\/div><\/div><\/div><\/th><th class=\"jet-table__cell elementor-repeater-item-17e1eec jet-table__head-cell\" scope=\"col\"><div class=\"jet-table__cell-inner\"><div class=\"jet-table__cell-content\"><div class=\"jet-table__cell-text\">REQUISITO<\/div><\/div><\/div><\/th><\/tr><\/thead>\n\t\t\t\t\t\t\t\t<tbody class=\"jet-table__body\"><tr class=\"jet-table__body-row elementor-repeater-item-6692f05\"><td class=\"jet-table__cell elementor-repeater-item-9f59b8d jet-table__body-cell\"><div class=\"jet-table__cell-inner\"><div class=\"jet-table__cell-content\"><div class=\"jet-table__cell-text\">Tarifa de solicitud<\/div><\/div><\/div><\/td><td class=\"jet-table__cell elementor-repeater-item-2687221 jet-table__body-cell\"><div class=\"jet-table__cell-inner\"><div class=\"jet-table__cell-content\"><div class=\"jet-table__cell-text\">$59<\/div><\/div><\/div><\/td><td class=\"jet-table__cell elementor-repeater-item-a9e6fdf jet-table__body-cell\"><div class=\"jet-table__cell-inner\"><div class=\"jet-table__cell-content\"><div class=\"jet-table__cell-text\">Requerido<\/div><\/div><\/div><\/td><\/tr><tr class=\"jet-table__body-row elementor-repeater-item-9242261\"><td class=\"jet-table__cell elementor-repeater-item-68379b6 jet-table__body-cell\"><div class=\"jet-table__cell-inner\"><div class=\"jet-table__cell-content\"><div class=\"jet-table__cell-text\">Dep\u00f3sito de seguridad (reembolsable)<\/div><\/div><\/div><\/td><td class=\"jet-table__cell elementor-repeater-item-a930202 jet-table__body-cell\"><div class=\"jet-table__cell-inner\"><div class=\"jet-table__cell-content\"><div class=\"jet-table__cell-text\">$500 para 1\u00d71; $750 para 2\u00d72; TH y 3\u00d72 $1000<\/div><\/div><\/div><\/td><td class=\"jet-table__cell elementor-repeater-item-a7a7f9e jet-table__body-cell\"><div class=\"jet-table__cell-inner\"><div class=\"jet-table__cell-content\"><div class=\"jet-table__cell-text\">Requerido<\/div><\/div><\/div><\/td><\/tr><tr class=\"jet-table__body-row elementor-repeater-item-9556b19\"><td class=\"jet-table__cell elementor-repeater-item-389f1ce jet-table__body-cell\"><div class=\"jet-table__cell-inner\"><div class=\"jet-table__cell-content\"><div class=\"jet-table__cell-text\">Tarifa de facturaci\u00f3n final<\/div><\/div><\/div><\/td><td class=\"jet-table__cell elementor-repeater-item-9cf267c jet-table__body-cell\"><div class=\"jet-table__cell-inner\"><div class=\"jet-table__cell-content\"><div class=\"jet-table__cell-text\">$6.15<\/div><\/div><\/div><\/td><td class=\"jet-table__cell elementor-repeater-item-9d38987 jet-table__body-cell\"><div class=\"jet-table__cell-inner\"><div class=\"jet-table__cell-content\"><div class=\"jet-table__cell-text\">Requerido<\/div><\/div><\/div><\/td><\/tr><\/tbody>\n\t\t\t<\/table>\n\t\t<\/div>\n\n\t\t<\/div>\t\t\t\t<\/div>\n\t\t\t\t<\/div>\n\t\t\t\t<div class=\"elementor-element elementor-element-2c71704 elementor-widget elementor-widget-jet-table\" data-id=\"2c71704\" data-element_type=\"widget\" data-e-type=\"widget\" data-widget_type=\"jet-table.default\">\n\t\t\t\t<div class=\"elementor-widget-container\">\n\t\t\t\t\t<div class=\"elementor-jet-table jet-elements\">\n\t\t<div class=\"jet-table-wrapper jet-table-responsive-mobile\">\n\t\t\t<table class=\"jet-table jet-table--fa5-compat\">\n\t\t\t\t<thead class=\"jet-table__head\"><tr class=\"jet-table__head-row\"><th class=\"jet-table__cell elementor-repeater-item-9fe8e97 jet-table__head-cell\" scope=\"col\"><div class=\"jet-table__cell-inner\"><div class=\"jet-table__cell-content\"><div class=\"jet-table__cell-text\">CUOTAS MENSUALES<\/div><\/div><\/div><\/th><th class=\"jet-table__cell elementor-repeater-item-ed3ca3f jet-table__head-cell\" scope=\"col\"><div class=\"jet-table__cell-inner\"><div class=\"jet-table__cell-content\"><div class=\"jet-table__cell-text\">PRECIO<\/div><\/div><\/div><\/th><th class=\"jet-table__cell elementor-repeater-item-17e1eec jet-table__head-cell\" scope=\"col\"><div class=\"jet-table__cell-inner\"><div class=\"jet-table__cell-content\"><div class=\"jet-table__cell-text\">REQUISITO<\/div><\/div><\/div><\/th><\/tr><\/thead>\n\t\t\t\t\t\t\t\t<tbody class=\"jet-table__body\"><tr class=\"jet-table__body-row elementor-repeater-item-6070eef\"><td class=\"jet-table__cell elementor-repeater-item-9a7e55f jet-table__body-cell\"><div class=\"jet-table__cell-inner\"><div class=\"jet-table__cell-content\"><div class=\"jet-table__cell-text\">Tarifa SCEP<\/div><\/div><\/div><\/td><td class=\"jet-table__cell elementor-repeater-item-f466d01 jet-table__body-cell\"><div class=\"jet-table__cell-inner\"><div class=\"jet-table__cell-content\"><div class=\"jet-table__cell-text\">N \/ A\n<\/div><\/div><\/div><\/td><td class=\"jet-table__cell elementor-repeater-item-9835e37 jet-table__body-cell\"><div class=\"jet-table__cell-inner\"><div class=\"jet-table__cell-content\"><div class=\"jet-table__cell-text\">N \/ A<\/div><\/div><\/div><\/td><\/tr><tr class=\"jet-table__body-row elementor-repeater-item-4a1aaeb\"><td class=\"jet-table__cell elementor-repeater-item-82d7d05 jet-table__body-cell\"><div class=\"jet-table__cell-inner\"><div class=\"jet-table__cell-content\"><div class=\"jet-table__cell-text\">Alquiler de mascotas<\/div><\/div><\/div><\/td><td class=\"jet-table__cell elementor-repeater-item-12462f0 jet-table__body-cell\"><div class=\"jet-table__cell-inner\"><div class=\"jet-table__cell-content\"><div class=\"jet-table__cell-text\">$50 por mascota\n<\/div><\/div><\/div><\/td><td class=\"jet-table__cell elementor-repeater-item-be0845a jet-table__body-cell\"><div class=\"jet-table__cell-inner\"><div class=\"jet-table__cell-content\"><div class=\"jet-table__cell-text\">Requerido<\/div><\/div><\/div><\/td><\/tr><tr class=\"jet-table__body-row elementor-repeater-item-6692f05\"><td class=\"jet-table__cell elementor-repeater-item-e4224ab jet-table__body-cell\"><div class=\"jet-table__cell-inner\"><div class=\"jet-table__cell-content\"><div class=\"jet-table__cell-text\">Control de plagas<\/div><\/div><\/div><\/td><td class=\"jet-table__cell elementor-repeater-item-b7ac5e4 jet-table__body-cell\"><div class=\"jet-table__cell-inner\"><div class=\"jet-table__cell-content\"><div class=\"jet-table__cell-text\">$1.10\n<\/div><\/div><\/div><\/td><td class=\"jet-table__cell elementor-repeater-item-a9e6fdf jet-table__body-cell\"><div class=\"jet-table__cell-inner\"><div class=\"jet-table__cell-content\"><div class=\"jet-table__cell-text\">Requerido<\/div><\/div><\/div><\/td><\/tr><tr class=\"jet-table__body-row elementor-repeater-item-73fd3f1\"><td class=\"jet-table__cell elementor-repeater-item-cc60948 jet-table__body-cell\"><div class=\"jet-table__cell-inner\"><div class=\"jet-table__cell-content\"><div class=\"jet-table__cell-text\">Aparcamiento<\/div><\/div><\/div><\/td><td class=\"jet-table__cell elementor-repeater-item-50ee46e jet-table__body-cell\"><div class=\"jet-table__cell-inner\"><div class=\"jet-table__cell-content\"><div class=\"jet-table__cell-text\">N \/ A<\/div><\/div><\/div><\/td><td class=\"jet-table__cell elementor-repeater-item-72fe71c jet-table__body-cell\"><div class=\"jet-table__cell-inner\"><div class=\"jet-table__cell-content\"><div class=\"jet-table__cell-text\">A pedido<\/div><\/div><\/div><\/td><\/tr><tr class=\"jet-table__body-row elementor-repeater-item-15bb870\"><td class=\"jet-table__cell elementor-repeater-item-e3dad9f jet-table__body-cell\"><div class=\"jet-table__cell-inner\"><div class=\"jet-table__cell-content\"><div class=\"jet-table__cell-text\">Almacenamiento<\/div><\/div><\/div><\/td><td class=\"jet-table__cell elementor-repeater-item-a930202 jet-table__body-cell\"><div class=\"jet-table__cell-inner\"><div class=\"jet-table__cell-content\"><div class=\"jet-table__cell-text\">N \/ A<\/div><\/div><\/div><\/td><td class=\"jet-table__cell elementor-repeater-item-6fb81f5 jet-table__body-cell\"><div class=\"jet-table__cell-inner\"><div class=\"jet-table__cell-content\"><div class=\"jet-table__cell-text\">N \/ A<\/div><\/div><\/div><\/td><\/tr><tr class=\"jet-table__body-row elementor-repeater-item-284ac34\"><td class=\"jet-table__cell elementor-repeater-item-196ced3 jet-table__body-cell\"><div class=\"jet-table__cell-inner\"><div class=\"jet-table__cell-content\"><div class=\"jet-table__cell-text\">Agua (Conservice)<\/div><\/div><\/div><\/td><td class=\"jet-table__cell elementor-repeater-item-0290f90 jet-table__body-cell\"><div class=\"jet-table__cell-inner\"><div class=\"jet-table__cell-content\"><div class=\"jet-table__cell-text\">Basado en el uso<\/div><\/div><\/div><\/td><td class=\"jet-table__cell elementor-repeater-item-f0fbd89 jet-table__body-cell\"><div class=\"jet-table__cell-inner\"><div class=\"jet-table__cell-content\"><div class=\"jet-table__cell-text\">Requerido<\/div><\/div><\/div><\/td><\/tr><tr class=\"jet-table__body-row elementor-repeater-item-88367d3\"><td class=\"jet-table__cell elementor-repeater-item-41fa28b jet-table__body-cell\"><div class=\"jet-table__cell-inner\"><div class=\"jet-table__cell-content\"><div class=\"jet-table__cell-text\">Basura (Conservice)<\/div><\/div><\/div><\/td><td class=\"jet-table__cell elementor-repeater-item-9801363 jet-table__body-cell\"><div class=\"jet-table__cell-inner\"><div class=\"jet-table__cell-content\"><div class=\"jet-table__cell-text\">Basado en el uso<\/div><\/div><\/div><\/td><td class=\"jet-table__cell elementor-repeater-item-83801fd jet-table__body-cell\"><div class=\"jet-table__cell-inner\"><div class=\"jet-table__cell-content\"><div class=\"jet-table__cell-text\">Requerido<\/div><\/div><\/div><\/td><\/tr><tr class=\"jet-table__body-row elementor-repeater-item-7b0e2a3\"><td class=\"jet-table__cell elementor-repeater-item-1ce4b59 jet-table__body-cell\"><div class=\"jet-table__cell-inner\"><div class=\"jet-table__cell-content\"><div class=\"jet-table__cell-text\">Alcantarillado (Conservice)<\/div><\/div><\/div><\/td><td class=\"jet-table__cell elementor-repeater-item-a2052fa jet-table__body-cell\"><div class=\"jet-table__cell-inner\"><div class=\"jet-table__cell-content\"><div class=\"jet-table__cell-text\">Basado en el uso<\/div><\/div><\/div><\/td><td class=\"jet-table__cell elementor-repeater-item-f503ec1 jet-table__body-cell\"><div class=\"jet-table__cell-inner\"><div class=\"jet-table__cell-content\"><div class=\"jet-table__cell-text\">Requerido<\/div><\/div><\/div><\/td><\/tr><tr class=\"jet-table__body-row elementor-repeater-item-c333cb9\"><td class=\"jet-table__cell elementor-repeater-item-9d0c98f jet-table__body-cell\"><div class=\"jet-table__cell-inner\"><div class=\"jet-table__cell-content\"><div class=\"jet-table__cell-text\">Gas (Conservice)<\/div><\/div><\/div><\/td><td class=\"jet-table__cell elementor-repeater-item-9652a67 jet-table__body-cell\"><div class=\"jet-table__cell-inner\"><div class=\"jet-table__cell-content\"><div class=\"jet-table__cell-text\">Basado en el uso<\/div><\/div><\/div><\/td><td class=\"jet-table__cell elementor-repeater-item-4bd700e jet-table__body-cell\"><div class=\"jet-table__cell-inner\"><div class=\"jet-table__cell-content\"><div class=\"jet-table__cell-text\">Requerido<\/div><\/div><\/div><\/td><\/tr><tr class=\"jet-table__body-row elementor-repeater-item-4493851\"><td class=\"jet-table__cell elementor-repeater-item-d7b3275 jet-table__body-cell\"><div class=\"jet-table__cell-inner\"><div class=\"jet-table__cell-content\"><div class=\"jet-table__cell-text\">El\u00e9ctrico (Conservice)<\/div><\/div><\/div><\/td><td class=\"jet-table__cell elementor-repeater-item-2d61665 jet-table__body-cell\"><div class=\"jet-table__cell-inner\"><div class=\"jet-table__cell-content\"><div class=\"jet-table__cell-text\">Basado en el uso<\/div><\/div><\/div><\/td><td class=\"jet-table__cell elementor-repeater-item-7c07b01 jet-table__body-cell\"><div class=\"jet-table__cell-inner\"><div class=\"jet-table__cell-content\"><div class=\"jet-table__cell-text\">Requerido<\/div><\/div><\/div><\/td><\/tr><tr class=\"jet-table__body-row elementor-repeater-item-9d506dd\"><td class=\"jet-table__cell elementor-repeater-item-2f9dbc3 jet-table__body-cell\"><div class=\"jet-table__cell-inner\"><div class=\"jet-table__cell-content\"><div class=\"jet-table__cell-text\">Internet<\/div><\/div><\/div><\/td><td class=\"jet-table__cell elementor-repeater-item-3510980 jet-table__body-cell\"><div class=\"jet-table__cell-inner\"><div class=\"jet-table__cell-content\"><div class=\"jet-table__cell-text\">Elecci\u00f3n del residente<\/div><\/div><\/div><\/td><td class=\"jet-table__cell elementor-repeater-item-652df52 jet-table__body-cell\"><div class=\"jet-table__cell-inner\"><div class=\"jet-table__cell-content\"><div class=\"jet-table__cell-text\">N \/ A<\/div><\/div><\/div><\/td><\/tr><tr class=\"jet-table__body-row elementor-repeater-item-89674ef\"><td class=\"jet-table__cell elementor-repeater-item-7f756ae jet-table__body-cell\"><div class=\"jet-table__cell-inner\"><div class=\"jet-table__cell-content\"><div class=\"jet-table__cell-text\">Tarifa de facturaci\u00f3n\/administraci\u00f3n<\/div><\/div><\/div><\/td><td class=\"jet-table__cell elementor-repeater-item-77adbb8 jet-table__body-cell\"><div class=\"jet-table__cell-inner\"><div class=\"jet-table__cell-content\"><div class=\"jet-table__cell-text\">$6.15<\/div><\/div><\/div><\/td><td class=\"jet-table__cell elementor-repeater-item-7fdbfad jet-table__body-cell\"><div class=\"jet-table__cell-inner\"><div class=\"jet-table__cell-content\"><div class=\"jet-table__cell-text\">Requerido<\/div><\/div><\/div><\/td><\/tr><tr class=\"jet-table__body-row elementor-repeater-item-b91c561\"><td class=\"jet-table__cell elementor-repeater-item-334bdb4 jet-table__body-cell\"><div class=\"jet-table__cell-inner\"><div class=\"jet-table__cell-content\"><div class=\"jet-table__cell-text\">Cargos por pagos atrasados<\/div><\/div><\/div><\/td><td class=\"jet-table__cell elementor-repeater-item-df9d929 jet-table__body-cell\"><div class=\"jet-table__cell-inner\"><div class=\"jet-table__cell-content\"><div class=\"jet-table__cell-text\">$50<\/div><\/div><\/div><\/td><td class=\"jet-table__cell elementor-repeater-item-ef96101 jet-table__body-cell\"><div class=\"jet-table__cell-inner\"><div class=\"jet-table__cell-content\"><div class=\"jet-table__cell-text\">Requerido<\/div><\/div><\/div><\/td><\/tr><tr class=\"jet-table__body-row elementor-repeater-item-e04a2e9\"><td class=\"jet-table__cell elementor-repeater-item-fab79a3 jet-table__body-cell\"><div class=\"jet-table__cell-inner\"><div class=\"jet-table__cell-content\"><div class=\"jet-table__cell-text\">Tarifas por fondos insuficientes<\/div><\/div><\/div><\/td><td class=\"jet-table__cell elementor-repeater-item-2bb867d jet-table__body-cell\"><div class=\"jet-table__cell-inner\"><div class=\"jet-table__cell-content\"><div class=\"jet-table__cell-text\">$25<\/div><\/div><\/div><\/td><td class=\"jet-table__cell elementor-repeater-item-64c6d12 jet-table__body-cell\"><div class=\"jet-table__cell-inner\"><div class=\"jet-table__cell-content\"><div class=\"jet-table__cell-text\">Requerido<\/div><\/div><\/div><\/td><\/tr><tr class=\"jet-table__body-row elementor-repeater-item-39e0608\"><td class=\"jet-table__cell elementor-repeater-item-f5f8c98 jet-table__body-cell\"><div class=\"jet-table__cell-inner\"><div class=\"jet-table__cell-content\"><div class=\"jet-table__cell-text\">Seguro de emergencia para inquilinos<\/div><\/div><\/div><\/td><td class=\"jet-table__cell elementor-repeater-item-acf9e5d jet-table__body-cell\"><div class=\"jet-table__cell-inner\"><div class=\"jet-table__cell-content\"><div class=\"jet-table__cell-text\">N \/ A<\/div><\/div><\/div><\/td><td class=\"jet-table__cell elementor-repeater-item-28f5062 jet-table__body-cell\"><div class=\"jet-table__cell-inner\"><div class=\"jet-table__cell-content\"><div class=\"jet-table__cell-text\">N \/ A<\/div><\/div><\/div><\/td><\/tr><tr class=\"jet-table__body-row elementor-repeater-item-10f955f\"><td class=\"jet-table__cell elementor-repeater-item-6d00b34 jet-table__body-cell\"><div class=\"jet-table__cell-inner\"><div class=\"jet-table__cell-content\"><div class=\"jet-table__cell-text\">Mantenimiento de \u00e1reas comunes<\/div><\/div><\/div><\/td><td class=\"jet-table__cell elementor-repeater-item-8769464 jet-table__body-cell\"><div class=\"jet-table__cell-inner\"><div class=\"jet-table__cell-content\"><div class=\"jet-table__cell-text\">N \/ A<\/div><\/div><\/div><\/td><td class=\"jet-table__cell elementor-repeater-item-928b060 jet-table__body-cell\"><div class=\"jet-table__cell-inner\"><div class=\"jet-table__cell-content\"><div class=\"jet-table__cell-text\">N \/ A<\/div><\/div><\/div><\/td><\/tr><\/tbody>\n\t\t\t<\/table>\n\t\t<\/div>\n\n\t\t<\/div>\t\t\t\t<\/div>\n\t\t\t\t<\/div>\n\t\t\t\t<\/div>\n\t\t\t\t\t<\/div>\n\t\t\t\t<\/div>\n\t\t\t\t<\/div>","protected":false},"excerpt":{"rendered":"<p>Know Your Costs, Move-in with Confidence ONE-TIME FEES PRICE REQUIREMENT Application Fee $59 Required Security Deposit (Refundable) $500 for 1&#215;1; $750 for 2&#215;2; TH and 3&#215;2 $1000 Required Final Billing Fee $6.15 Required MONTHLY FEES PRICE REQUIREMENT SCEP Fee N\/A N\/A Pet Rent $50 Per Pet Required Pest Control $1.10 Required Parking N\/A Upon Request [&hellip;]<\/p>\n","protected":false},"author":17,"featured_media":0,"parent":0,"menu_order":0,"comment_status":"closed","ping_status":"closed","template":"","meta":{"footnotes":""},"class_list":["post-3623","page","type-page","status-publish","hentry"],"_links":{"self":[{"href":"https:\/\/www.traleevillageapts.com\/es\/wp-json\/wp\/v2\/pages\/3623","targetHints":{"allow":["GET"]}}],"collection":[{"href":"https:\/\/www.traleevillageapts.com\/es\/wp-json\/wp\/v2\/pages"}],"about":[{"href":"https:\/\/www.traleevillageapts.com\/es\/wp-json\/wp\/v2\/types\/page"}],"author":[{"embeddable":true,"href":"https:\/\/www.traleevillageapts.com\/es\/wp-json\/wp\/v2\/users\/17"}],"replies":[{"embeddable":true,"href":"https:\/\/www.traleevillageapts.com\/es\/wp-json\/wp\/v2\/comments?post=3623"}],"version-history":[{"count":0,"href":"https:\/\/www.traleevillageapts.com\/es\/wp-json\/wp\/v2\/pages\/3623\/revisions"}],"wp:attachment":[{"href":"https:\/\/www.traleevillageapts.com\/es\/wp-json\/wp\/v2\/media?parent=3623"}],"curies":[{"name":"wp","href":"https:\/\/api.w.org\/{rel}","templated":true}]}}