{"id":1997,"date":"2019-06-06T12:27:58","date_gmt":"2019-06-06T12:27:58","guid":{"rendered":"https:\/\/traleeprod.wpenginepowered.com\/?page_id=1997"},"modified":"2026-04-22T10:37:22","modified_gmt":"2026-04-22T17:37:22","slug":"homepage","status":"publish","type":"page","link":"https:\/\/www.traleevillageapts.com\/de\/","title":{"rendered":"Homepage"},"content":{"rendered":"<div data-elementor-type=\"wp-page\" data-elementor-id=\"1997\" class=\"elementor elementor-1997\" data-elementor-post-type=\"page\">\n\t\t\t\t<div class=\"elementor-element elementor-element-4a437bf e-con-full e-flex e-con e-parent\" data-id=\"4a437bf\" data-element_type=\"container\" data-e-type=\"container\" data-settings=\"{&quot;background_background&quot;:&quot;video&quot;,&quot;background_video_link&quot;:&quot;https:\\\/\\\/www.traleevillageapts.com\\\/wp-content\\\/uploads\\\/2025\\\/05\\\/Tralee-Village.mp4&quot;,&quot;jet_parallax_layout_list&quot;:[]}\">\n\t\t<div class=\"elementor-background-video-container elementor-hidden-mobile\">\n\t\t\t\t\t\t\t<video class=\"elementor-background-video-hosted\" role=\"presentation\" autoplay muted playsinline loop><\/video>\n\t\t\t\t\t<\/div>\t\t<\/div>\n\t\t<div class=\"elementor-element elementor-element-19bed6f e-flex e-con-boxed e-con e-parent\" data-id=\"19bed6f\" data-element_type=\"container\" data-e-type=\"container\" data-settings=\"{&quot;background_background&quot;:&quot;classic&quot;,&quot;jet_parallax_layout_list&quot;:[]}\">\n\t\t\t\t\t<div class=\"e-con-inner\">\n\t\t\t\t<div class=\"elementor-element elementor-element-162ad6f elementor-widget elementor-widget-text-editor\" data-id=\"162ad6f\" data-element_type=\"widget\" data-e-type=\"widget\" data-widget_type=\"text-editor.default\">\n\t\t\t\t<div class=\"elementor-widget-container\">\n\t\t\t\t\t\t\t\t\t<h2>WILLKOMMEN IN DEN LUXUSWOHNUNGEN DER TRALEE VILLAGE APARTMENTS IN DUBLIN, KALIFORNIEN<\/h2><p>Entdecken Sie einen neuen Standard modernen Wohnens in den Tralee Village Apartments. Unsere k\u00fchne und einzigartige Vision bietet stilvoll gestaltete Wohnungen. <span style=\"text-decoration: underline;\"><a href=\"https:\/\/www.traleevillageapts.com\/de\/grundriss\/\">Ein-, Zwei- und Drei-Zimmer-Wohnungen<\/a><\/span> Stadth\u00e4user und Apartments zur Miete in Dublin, Kalifornien. Diese Residenzen wurden mit viel Liebe zum Detail gestaltet und bieten luxuri\u00f6se Annehmlichkeiten sowie gro\u00dfz\u00fcgige, gut durchdachte Grundrisse. Sie verf\u00fcgen \u00fcber einen Pool und ein Spa im Resort-Stil und bieten somit die perfekte Kombination aus Komfort und Bequemlichkeit. <span style=\"text-decoration: underline;\"><a href=\"https:\/\/www.traleevillageapts.com\/de\/kontakt\/\">Rufen Sie uns an<\/a><\/span> Vereinbaren Sie noch heute Ihren pers\u00f6nlichen Tourtermin!<\/p>\t\t\t\t\t\t\t\t<\/div>\n\t\t\t\t<\/div>\n\t\t\t\t\t<\/div>\n\t\t\t\t<\/div>\n\t\t<div class=\"elementor-element elementor-element-323b8ca e-con-full e-flex e-con e-parent\" data-id=\"323b8ca\" data-element_type=\"container\" data-e-type=\"container\" data-settings=\"{&quot;background_background&quot;:&quot;classic&quot;,&quot;jet_parallax_layout_list&quot;:[]}\">\n\t\t\t\t<\/div>\n\t\t<div class=\"elementor-element elementor-element-57dd5f2 e-flex e-con-boxed e-con e-parent\" data-id=\"57dd5f2\" data-element_type=\"container\" data-e-type=\"container\" data-settings=\"{&quot;background_background&quot;:&quot;classic&quot;,&quot;jet_parallax_layout_list&quot;:[]}\">\n\t\t\t\t\t<div class=\"e-con-inner\">\n\t\t\t\t<div class=\"elementor-element elementor-element-5011efe elementor-widget elementor-widget-text-editor\" data-id=\"5011efe\" data-element_type=\"widget\" data-e-type=\"widget\" data-widget_type=\"text-editor.default\">\n\t\t\t\t<div class=\"elementor-widget-container\">\n\t\t\t\t\t\t\t\t\t<h2 role=\"heading\" aria-level=\"1\" data-uw-rm-heading=\"level\">RESORT-INSPIRIERTE ANNEHMLICHKEITEN<\/h2>\n<p>Wachen Sie in Ihrer wundersch\u00f6n eingerichteten Wohnung auf und beginnen Sie den Tag mit einem erfrischenden Bad in unserem Gemeinschaftspool im Resort-Stil. F\u00fcr ein belebendes Workout bieten wir Ihnen Ausblicke, ger\u00e4umige begehbare Kleiderschr\u00e4nke und verbesserte Schallschutzfunktionen, die Ihr Wohnerlebnis verbessern.<\/p>\t\t\t\t\t\t\t\t<\/div>\n\t\t\t\t<\/div>\n\t\t\t\t\t<\/div>\n\t\t\t\t<\/div>\n\t\t<div class=\"elementor-element elementor-element-0e87073 e-con-full e-flex e-con e-parent\" data-id=\"0e87073\" data-element_type=\"container\" data-e-type=\"container\" data-settings=\"{&quot;background_background&quot;:&quot;classic&quot;,&quot;jet_parallax_layout_list&quot;:[]}\">\n\t\t\t\t<\/div>\n\t\t<div class=\"elementor-element elementor-element-4bd54cd e-flex e-con-boxed e-con e-parent\" data-id=\"4bd54cd\" data-element_type=\"container\" data-e-type=\"container\" data-settings=\"{&quot;background_background&quot;:&quot;classic&quot;,&quot;jet_parallax_layout_list&quot;:[]}\">\n\t\t\t\t\t<div class=\"e-con-inner\">\n\t\t\t\t<div class=\"elementor-element elementor-element-d7e7848 elementor-widget elementor-widget-text-editor\" data-id=\"d7e7848\" data-element_type=\"widget\" data-e-type=\"widget\" data-widget_type=\"text-editor.default\">\n\t\t\t\t<div class=\"elementor-widget-container\">\n\t\t\t\t\t\t\t\t\t<h2>PULSIERENDE GEMEINSCHAFT<\/h2><p>\u00dcber die W\u00e4nde Ihres luxuri\u00f6sen Apartments hinaus bietet Tralee Village eine Reihe von au\u00dfergew\u00f6hnlichen Gemeinschaftseinrichtungen. Entspannen Sie sich in unserer Wi-Fi-f\u00e4higen Lounge oder genie\u00dfen Sie die kalifornische Sonne inmitten unserer wundersch\u00f6n angelegten Umgebung. Dar\u00fcber hinaus finden Sie in unmittelbarer N\u00e4he eine Vielzahl von Einzelh\u00e4ndlern, von Restaurants bis hin zu B\u00e4ckereien, die alle nur wenige Meter entfernt sind. Tralee Village liegt in der charmanten Stadt Dublin, Kalifornien, und bietet einfachen Zugang zur nahe gelegenen BART-Station sowie zu den Autobahnen 580 und 680, die Sie nahtlos mit der pulsierenden Bay Area verbinden.<\/p>\t\t\t\t\t\t\t\t<\/div>\n\t\t\t\t<\/div>\n\t\t\t\t\t<\/div>\n\t\t\t\t<\/div>\n\t\t<div class=\"elementor-element elementor-element-d28f5f5 e-con-full e-flex e-con e-parent\" data-id=\"d28f5f5\" data-element_type=\"container\" data-e-type=\"container\" data-settings=\"{&quot;background_background&quot;:&quot;classic&quot;,&quot;jet_parallax_layout_list&quot;:[]}\">\n\t\t\t\t<\/div>\n\t\t<div class=\"elementor-element elementor-element-e32fcc3 e-flex e-con-boxed e-con e-parent\" data-id=\"e32fcc3\" data-element_type=\"container\" data-e-type=\"container\" data-settings=\"{&quot;background_background&quot;:&quot;classic&quot;,&quot;jet_parallax_layout_list&quot;:[]}\">\n\t\t\t\t\t<div class=\"e-con-inner\">\n\t\t\t\t<div class=\"elementor-element elementor-element-5147ec0 elementor-widget elementor-widget-text-editor\" data-id=\"5147ec0\" data-element_type=\"widget\" data-e-type=\"widget\" data-widget_type=\"text-editor.default\">\n\t\t\t\t<div class=\"elementor-widget-container\">\n\t\t\t\t\t\t\t\t\t<h2>SICH DEN LEBENSSTIL ZU EIGEN MACHEN<\/h2><p>Erleben Sie den aufregenden und erfrischenden Lebensstil, den die Tralee Village Apartments bieten. Eine Lebensweise, die Sie schnell in Ihr Herz schlie\u00dfen werden. Setzen Sie sich noch heute mit uns in Verbindung, um einen Termin f\u00fcr eine private Besichtigung zu vereinbaren oder sich selbst auf eine Reise durch Ihre neue Oase des modernen Luxus zu begeben.<\/p>\t\t\t\t\t\t\t\t<\/div>\n\t\t\t\t<\/div>\n\t\t\t\t\t<\/div>\n\t\t\t\t<\/div>\n\t\t<div class=\"elementor-element elementor-element-8f4a343 e-con-full e-flex e-con e-parent\" data-id=\"8f4a343\" data-element_type=\"container\" data-e-type=\"container\" data-settings=\"{&quot;background_background&quot;:&quot;classic&quot;,&quot;jet_parallax_layout_list&quot;:[]}\">\n\t\t\t\t<\/div>\n\t\t<div class=\"elementor-element elementor-element-77b5646 e-flex e-con-boxed e-con e-parent\" data-id=\"77b5646\" data-element_type=\"container\" data-e-type=\"container\" data-settings=\"{&quot;background_background&quot;:&quot;classic&quot;,&quot;jet_parallax_layout_list&quot;:[]}\">\n\t\t\t\t\t<div class=\"e-con-inner\">\n\t\t<div class=\"elementor-element elementor-element-ce02be9 e-con-full e-flex e-con e-child\" data-id=\"ce02be9\" data-element_type=\"container\" data-e-type=\"container\" data-settings=\"{&quot;jet_parallax_layout_list&quot;:[]}\">\n\t\t\t\t<div class=\"elementor-element elementor-element-a330e7e elementor-widget elementor-widget-heading\" data-id=\"a330e7e\" data-element_type=\"widget\" data-e-type=\"widget\" data-widget_type=\"heading.default\">\n\t\t\t\t<div class=\"elementor-widget-container\">\n\t\t\t\t\t<h3 class=\"elementor-heading-title elementor-size-default\">Style Reimagined, Tralee Village<\/h3>\t\t\t\t<\/div>\n\t\t\t\t<\/div>\n\t\t\t\t<\/div>\n\t\t<div class=\"elementor-element elementor-element-674131b e-con-full e-flex e-con e-child\" data-id=\"674131b\" data-element_type=\"container\" data-e-type=\"container\" data-settings=\"{&quot;jet_parallax_layout_list&quot;:[]}\">\n\t\t\t\t<div class=\"elementor-element elementor-element-39b0022 openScheduling elementor-widget elementor-widget-button\" data-id=\"39b0022\" data-element_type=\"widget\" data-e-type=\"widget\" data-widget_type=\"button.default\">\n\t\t\t\t<div class=\"elementor-widget-container\">\n\t\t\t\t\t\t\t\t\t<div class=\"elementor-button-wrapper\">\n\t\t\t\t\t<a class=\"elementor-button elementor-button-link elementor-size-sm\" href=\"#\">\n\t\t\t\t\t\t<span class=\"elementor-button-content-wrapper\">\n\t\t\t\t\t\t\t\t\t<span class=\"elementor-button-text\">Eine Tour buchen<\/span>\n\t\t\t\t\t<\/span>\n\t\t\t\t\t<\/a>\n\t\t\t\t<\/div>\n\t\t\t\t\t\t\t\t<\/div>\n\t\t\t\t<\/div>\n\t\t\t\t<\/div>\n\t\t\t\t\t<\/div>\n\t\t\t\t<\/div>\n\t\t\t\t<\/div>","protected":false},"excerpt":{"rendered":"<p>WELCOME HOME TO THE \u00a0LUXURIES OF TRALEE VILLAGE APARTMENTS IN DUBLIN, CA Discover a new standard of contemporary living at Tralee Village Apartments. Our bold and unique vision offers stylishly designed one-, two-, and three-bedroom townhomes and apartments for rent in Dublin, CA. Thoughtfully crafted with luxurious amenities and spacious, well-designed floor plans, these residences [&hellip;]<\/p>\n","protected":false},"author":13,"featured_media":0,"parent":0,"menu_order":0,"comment_status":"closed","ping_status":"closed","template":"","meta":{"footnotes":""},"class_list":["post-1997","page","type-page","status-publish","hentry"],"_links":{"self":[{"href":"https:\/\/www.traleevillageapts.com\/de\/wp-json\/wp\/v2\/pages\/1997","targetHints":{"allow":["GET"]}}],"collection":[{"href":"https:\/\/www.traleevillageapts.com\/de\/wp-json\/wp\/v2\/pages"}],"about":[{"href":"https:\/\/www.traleevillageapts.com\/de\/wp-json\/wp\/v2\/types\/page"}],"author":[{"embeddable":true,"href":"https:\/\/www.traleevillageapts.com\/de\/wp-json\/wp\/v2\/users\/13"}],"replies":[{"embeddable":true,"href":"https:\/\/www.traleevillageapts.com\/de\/wp-json\/wp\/v2\/comments?post=1997"}],"version-history":[{"count":0,"href":"https:\/\/www.traleevillageapts.com\/de\/wp-json\/wp\/v2\/pages\/1997\/revisions"}],"wp:attachment":[{"href":"https:\/\/www.traleevillageapts.com\/de\/wp-json\/wp\/v2\/media?parent=1997"}],"curies":[{"name":"wp","href":"https:\/\/api.w.org\/{rel}","templated":true}]}}